{"id":980,"date":"2023-11-28T15:29:23","date_gmt":"2023-11-28T15:29:23","guid":{"rendered":"https:\/\/nousformaciones.com\/zaragoza\/"},"modified":"2024-12-22T17:25:04","modified_gmt":"2024-12-22T17:25:04","slug":"saragosse","status":"publish","type":"page","link":"https:\/\/nousformaciones.com\/fr\/saragosse\/","title":{"rendered":"SARAGOSSE"},"content":{"rendered":"<section class=\"wpb-content-wrapper\"><p>[vc_row type=\u00a0\u00bbvc_default\u00a0\u00bb full_width=\u00a0\u00bbstretch_row_content_no_spaces\u00a0\u00bb css=\u00a0\u00bb.vc_custom_1594492439839{margin-top: -50px !important;}\u00a0\u00bb][vc_column][vc_column_text]<img decoding=\"async\" loading=\"lazy\" class=\"aligncenter wp-image-920 size-full\" src=\"https:\/\/nousformaciones.com\/wp-content\/uploads\/zaragoza.jpeg\" alt=\"\" width=\"1920\" height=\"601\" srcset=\"https:\/\/nousformaciones.com\/wp-content\/uploads\/zaragoza.jpeg 1920w, https:\/\/nousformaciones.com\/wp-content\/uploads\/zaragoza-300x94.jpeg 300w, https:\/\/nousformaciones.com\/wp-content\/uploads\/zaragoza-1024x321.jpeg 1024w, https:\/\/nousformaciones.com\/wp-content\/uploads\/zaragoza-768x240.jpeg 768w, https:\/\/nousformaciones.com\/wp-content\/uploads\/zaragoza-1536x481.jpeg 1536w\" sizes=\"(max-width: 1920px) 100vw, 1920px\" \/>[\/vc_column_text][\/vc_column][\/vc_row][vc_row type=\u00a0\u00bbvc_default\u00a0\u00bb full_width=\u00a0\u00bbstretch_row\u00a0\u00bb css=\u00a0\u00bb.vc_custom_1696806887249{margin-top: -40px !important;background-color: #e88514 !important;}\u00a0\u00bb][vc_column][vc_column_text]<\/p>\n<h2 style=\"text-align: center;\"><span style=\"color: #ffffff;\"><strong>SARAGOSSE<\/strong><\/span><\/h2>\n<p>[\/vc_column_text][vc_separator color=\u00a0\u00bbwhite\u00a0\u00bb style=\u00a0\u00bbshadow\u00a0\u00bb border_width=\u00a0\u00bb3&Prime; el_width=\u00a0\u00bb20&Prime; css=\u00a0\u00bb.vc_custom_1696806986023{margin-top: -12px !important;}\u00a0\u00bb][\/vc_column][\/vc_row][vc_row][vc_column][vc_empty_space height=\u00a0\u00bb36px\u00a0\u00bb][\/vc_column][\/vc_row][vc_row][vc_column width=\u00a0\u00bb1\/2&Prime;][vc_column_text]Saragosse est un croisement de chemins, un lieu de rencontre o\u00f9 aujourd\u2019hui vivent au alentour de 700.000 habitants.<\/p>\n<p>Saragosse offre \u00e0 ses visiteurs un riche patrimoine historico \u2013 artistique, d\u00fb \u00e0 ses plus de deux mille ans d\u2019histoire. Des Ib\u00e8res, des Romains, des Musulmans, des Juifs et des Chr\u00e9tiens ont laiss\u00e9 une trace de leur passage par la capitale, en la faisant m\u00e9ritante du titre de Ville des Quatre Cultures.<\/p>\n<p>Entre les grands qualit\u00e9s de Saragosse, depuis sa situation au centre de tout, c\u2019est une ville dynamique et moderne, tandis qu\u2019elle maintient encore une identit\u00e9 authentiquement espagnole.<\/p>\n<p>O\u00f9 tu profiteras de la grande offre culturelle qu\u2019elle a et de sa d\u00e9licieuse gastronomie.[\/vc_column_text][\/vc_column][vc_column width=\u00a0\u00bb1\/2&Prime;][vc_column_text]<\/p>\n<div class=\"fusion-title title fusion-title-1 sep-underline sep-dashed fusion-title-text fusion-title-size-two\">\n<h3 id=\"tw-target-text\" class=\"tw-data-text tw-ta tw-text-medium fusion-responsive-typography-calculated\" dir=\"ltr\" style=\"text-align: left;\" data-placeholder=\"Traducci\u00f3n\" data-fontsize=\"18\" data-lineheight=\"25.2px\"><span lang=\"en\">Pourquoi \u00e9tudier l\u2019Espagnol \u00e0 Saragosse?<\/span><\/h3>\n<\/div>\n<p>[\/vc_column_text][vc_video link=\u00a0\u00bbhttps:\/\/youtu.be\/ypqfNHfhWBw\u00a0\u00bb align=\u00a0\u00bbcenter\u00a0\u00bb][\/vc_column][\/vc_row]<\/p>\n<\/section>","protected":false},"excerpt":{"rendered":"<p>[vc_row type=\u00a0\u00bbvc_default\u00a0\u00bb full_width=\u00a0\u00bbstretch_row_content_no_spaces\u00a0\u00bb css=\u00a0\u00bb.vc_custom_1594492439839{margin-top: -50px !important;}\u00a0\u00bb][vc_column][vc_column_text][\/vc_column_text][\/vc_column][\/vc_row][vc_row type=\u00a0\u00bbvc_default\u00a0\u00bb full_width=\u00a0\u00bbstretch_row\u00a0\u00bb css=\u00a0\u00bb.vc_custom_1696806887249{margin-top: -40px !important;background-color: #e88514 !important;}\u00a0\u00bb][vc_column][vc_column_text] SARAGOSSE [\/vc_column_text][vc_separator color=\u00a0\u00bbwhite\u00a0\u00bb style=\u00a0\u00bbshadow\u00a0\u00bb border_width=\u00a0\u00bb3&Prime; el_width=\u00a0\u00bb20&Prime; css=\u00a0\u00bb.vc_custom_1696806986023{margin-top: -12px !important;}\u00a0\u00bb][\/vc_column][\/vc_row][vc_row][vc_column][vc_empty_space height=\u00a0\u00bb36px\u00a0\u00bb][\/vc_column][\/vc_row][vc_row][vc_column width=\u00a0\u00bb1\/2&Prime;][vc_column_text]Saragosse est un croisement de chemins, un lieu de rencontre o\u00f9 aujourd\u2019hui vivent au alentour de 700.000 habitants. Saragosse offre \u00e0 ses visiteurs un riche patrimoine historico \u2013 artistique, d\u00fb \u00e0 ses&hellip;<\/p>\n","protected":false},"author":1,"featured_media":0,"parent":0,"menu_order":0,"comment_status":"closed","ping_status":"closed","template":"","meta":{"_joinchat":[]},"_links":{"self":[{"href":"https:\/\/nousformaciones.com\/fr\/wp-json\/wp\/v2\/pages\/980"}],"collection":[{"href":"https:\/\/nousformaciones.com\/fr\/wp-json\/wp\/v2\/pages"}],"about":[{"href":"https:\/\/nousformaciones.com\/fr\/wp-json\/wp\/v2\/types\/page"}],"author":[{"embeddable":true,"href":"https:\/\/nousformaciones.com\/fr\/wp-json\/wp\/v2\/users\/1"}],"replies":[{"embeddable":true,"href":"https:\/\/nousformaciones.com\/fr\/wp-json\/wp\/v2\/comments?post=980"}],"version-history":[{"count":3,"href":"https:\/\/nousformaciones.com\/fr\/wp-json\/wp\/v2\/pages\/980\/revisions"}],"predecessor-version":[{"id":1099,"href":"https:\/\/nousformaciones.com\/fr\/wp-json\/wp\/v2\/pages\/980\/revisions\/1099"}],"wp:attachment":[{"href":"https:\/\/nousformaciones.com\/fr\/wp-json\/wp\/v2\/media?parent=980"}],"curies":[{"name":"wp","href":"https:\/\/api.w.org\/{rel}","templated":true}]}}