{"id":979,"date":"2023-11-28T15:34:59","date_gmt":"2023-11-28T15:34:59","guid":{"rendered":"https:\/\/nousformaciones.com\/spanish-courses\/"},"modified":"2023-11-30T06:45:27","modified_gmt":"2023-11-30T06:45:27","slug":"cours-d-espagnol","status":"publish","type":"page","link":"https:\/\/nousformaciones.com\/fr\/cours-d-espagnol\/","title":{"rendered":"COURS D\u2019 ESPAGNOL"},"content":{"rendered":"<section class=\"wpb-content-wrapper\"><p>[vc_row type=\u00a0\u00bbvc_default\u00a0\u00bb full_width=\u00a0\u00bbstretch_row_content_no_spaces\u00a0\u00bb css=\u00a0\u00bb.vc_custom_1594492439839{margin-top: -50px !important;}\u00a0\u00bb][vc_column][vc_single_image image=\u00a0\u00bb830&Prime; img_size=\u00a0\u00bbfull\u00a0\u00bb alignment=\u00a0\u00bbcenter\u00a0\u00bb][\/vc_column][\/vc_row][vc_row type=\u00a0\u00bbvc_default\u00a0\u00bb full_width=\u00a0\u00bbstretch_row\u00a0\u00bb css=\u00a0\u00bb.vc_custom_1696807583861{margin-top: -40px !important;background-color: #e88514 !important;}\u00a0\u00bb][vc_column][vc_column_text]<\/p>\n<h2 style=\"text-align: center;\"><span style=\"color: #ffffff;\"><strong>COURS D\u2019 ESPAGNOL<\/strong><\/span><\/h2>\n<p>[\/vc_column_text][vc_separator color=\u00a0\u00bbwhite\u00a0\u00bb style=\u00a0\u00bbshadow\u00a0\u00bb border_width=\u00a0\u00bb3&Prime; el_width=\u00a0\u00bb20&Prime; css=\u00a0\u00bb.vc_custom_1696807626232{margin-top: -12px !important;}\u00a0\u00bb][\/vc_column][\/vc_row][vc_row type=\u00a0\u00bbvc_default\u00a0\u00bb content_placement=\u00a0\u00bbmiddle\u00a0\u00bb][vc_column][vc_empty_space][\/vc_column][\/vc_row][vc_row type=\u00a0\u00bbvc_default\u00a0\u00bb content_placement=\u00a0\u00bbmiddle\u00a0\u00bb][vc_column width=\u00a0\u00bb1\/2&Prime;][vc_single_image image=\u00a0\u00bb796&Prime; img_size=\u00a0\u00bbfull\u00a0\u00bb alignment=\u00a0\u00bbcenter\u00a0\u00bb][\/vc_column][vc_column width=\u00a0\u00bb1\/2&Prime;][vc_column_text]<\/p>\n<h3 style=\"text-align: left;\"><span style=\"color: #2f5e03;\"><strong><span style=\"color: #e88514;\">No\u00fbs Formaciones formaciones<\/span><br \/>\n<\/strong><\/span><\/h3>\n<p>Depuis l&rsquo;Academia\u00a0No\u00fbs Formaciones, nous proposons des cours d&rsquo;espagnol comme langue \u00e9trang\u00e8re, aussi bien aux \u00e9tudiants qui viennent apprendre l&rsquo;espagnol dans notre ville qu&rsquo;\u00e0 tous les nouveaux r\u00e9sidents qui commencent ou souhaitent perfectionner la langue. Notre Acad\u00e9mie poss\u00e8de une vaste exp\u00e9rience dans l&rsquo;enseignement et l&rsquo;organisation de cours d&rsquo;espagnol pour \u00e9trangers et notre facult\u00e9 a l&rsquo;autorisation du minist\u00e8re de l&rsquo;\u00c9ducation pour enseigner la langue espagnole.<\/p>\n<p>La m\u00e9thodologie de l&rsquo;enseignement de l&rsquo;espagnol comme langue \u00e9trang\u00e8re est une combinaison d&rsquo;une partie th\u00e9orique, o\u00f9 la partie grammaticale est combin\u00e9e, et d&rsquo;une partie pratique avec de nombreuses activit\u00e9s pour pouvoir exprimer ce qui a \u00e9t\u00e9 appris. Dans cette deuxi\u00e8me partie, les conversations, les r\u00e9dactions et les d\u00e9bats sont renforc\u00e9s, ce qui nous aide \u00e0 int\u00e9rioriser ce qui est d\u00e9j\u00e0 connu.[\/vc_column_text][\/vc_column][\/vc_row][vc_row type=\u00a0\u00bbvc_default\u00a0\u00bb content_placement=\u00a0\u00bbmiddle\u00a0\u00bb][vc_column][vc_empty_space][\/vc_column][\/vc_row][vc_row type=\u00a0\u00bbvc_default\u00a0\u00bb equal_height=\u00a0\u00bbyes\u00a0\u00bb content_placement=\u00a0\u00bbtop\u00a0\u00bb][vc_column width=\u00a0\u00bb1\/2&Prime; css=\u00a0\u00bb.vc_custom_1701323754050{background-color: #2e6001 !important;}\u00a0\u00bb][vc_single_image image=\u00a0\u00bb951&Prime; img_size=\u00a0\u00bbfull\u00a0\u00bb alignment=\u00a0\u00bbcenter\u00a0\u00bb][vc_column_text]<\/p>\n<h4 style=\"text-align: center;\"><span style=\"color: #ffffff;\">L&rsquo;enseignement se fait enti\u00e8rement en espagnol et sans l&rsquo;utilisation d&rsquo;aucune autre langue de support, en utilisant la m\u00e9thode de communication directe et situationnelle, en recherchant l&rsquo;association mentale entre l&rsquo;objet et le concept du mot ou des mots correspondants en espagnol.<\/span><\/h4>\n<p>[\/vc_column_text][\/vc_column][vc_column width=\u00a0\u00bb1\/2&Prime; css=\u00a0\u00bb.vc_custom_1701324398286{background-color: #e88514 !important;}\u00a0\u00bb][vc_single_image image=\u00a0\u00bb954&Prime; img_size=\u00a0\u00bbfull\u00a0\u00bb alignment=\u00a0\u00bbcenter\u00a0\u00bb][vc_column_text]<\/p>\n<h4 class=\"fusion-responsive-typography-calculated\" style=\"text-align: center;\" data-fontsize=\"16\" data-lineheight=\"24px\"><span style=\"color: #ffffff;\">Un s\u00e9jour confortable est un \u00e9l\u00e9ment essentiel de votre exp\u00e9rience pendant vos \u00e9tudes \u00e0 l&rsquo;\u00e9tranger<\/span><br \/>\n<span style=\"color: #ffffff;\">Nous comprenons l&rsquo;importance d&rsquo;offrir un service satisfaisant pendant votre s\u00e9jour.<\/span><\/h4>\n<p>[\/vc_column_text][\/vc_column][\/vc_row][vc_row type=\u00a0\u00bbvc_default\u00a0\u00bb content_placement=\u00a0\u00bbmiddle\u00a0\u00bb][vc_column][vc_empty_space][vc_empty_space][\/vc_column][\/vc_row][vc_row][vc_column width=\u00a0\u00bb1\/2&Prime;][vc_column_text]<\/p>\n<h3 class=\"fusion-responsive-typography-calculated\" data-fontsize=\"16\" data-lineheight=\"24px\"><strong>Programme d&rsquo;enseignement de l&rsquo;espagnol avec activit\u00e9s<\/strong><\/h3>\n<p>Ce programme est sp\u00e9cialement con\u00e7u pour les \u00e9tudiants qui recherchent une option d&rsquo;\u00e9tudes \u00ab tout compris \u00bb.<\/p>\n<p>Il comprend les cours d&rsquo;espagnol, l&rsquo;h\u00e9bergement et un arrangement d&rsquo;activit\u00e9s et d&rsquo;excursions extrascolaires. Les cours ont normalement lieu le matin tandis que les jeux, les activit\u00e9s culturelles, les visites et les sorties occupent nos soir\u00e9es.<\/p>\n<p>Saragosse offre de nombreuses possibilit\u00e9s pour r\u00e9aliser ces activit\u00e9s. Il s&rsquo;agit notamment de visites culturelles \u00e0 Zaragoza Expo, Zaragoza Romana, Goya\u2026 Ainsi que des lieux de divertissement qui couvrent l&rsquo;Espace salle, tapeo \u00ab Juepinchio \u00bb ; pratique de l\u2019\u00e9quitation, des sports d\u2019aventure\u2026[\/vc_column_text][\/vc_column][vc_column width=\u00a0\u00bb1\/2&Prime;][vc_tta_accordion active_section=\u00a0\u00bb-5&Prime; collapsible_all=\u00a0\u00bbtrue\u00a0\u00bb][vc_tta_section title=\u00a0\u00bbCOURS STANDAR\u00a0\u00bb tab_id=\u00a0\u00bb1701322905872-00f6f1f7-49b1&Prime;][vc_column_text]Id\u00e9al pour les \u00e9tudiants qui ont besoin d&rsquo;apprendre l&rsquo;espagnol \u00e0 un rythme normal, sans trop de cours, et qui souhaitent en m\u00eame temps trouver un \u00e9quilibre entre le cours et leur \u00e9ventuel temps libre.[\/vc_column_text][\/vc_tta_section][vc_tta_section title=\u00a0\u00bbCOURS INTENSIF\u00a0\u00bb tab_id=\u00a0\u00bb1701322905933-bf3d9c9a-259d\u00a0\u00bb][vc_column_text]Con\u00e7u pour les \u00e9tudiants qui ont besoin d&rsquo;apprendre \u00e0 un rythme plus rapide et qui doivent donc s&rsquo;investir pleinement dans leurs cours d&rsquo;espagnol. Ces cours sont principalement centr\u00e9s sur la r\u00e9vision des comp\u00e9tences grammaticales et lexicales pour un meilleur rendement communicatif.[\/vc_column_text][\/vc_tta_section][vc_tta_section title=\u00a0\u00bbCOURS PROFESSIONNELS\u00a0\u00bb tab_id=\u00a0\u00bb1701322905997-09de19af-4bc8&Prime;][vc_column_text]Sp\u00e9cialement con\u00e7u pour les \u00e9tudiants ayant des besoins particuliers qui n\u00e9cessitent des comp\u00e9tences lexicales particuli\u00e8res li\u00e9es \u00e0 des domaines sp\u00e9cifiques tels que les affaires, le marketing, le droit\u2026[\/vc_column_text][\/vc_tta_section][vc_tta_section title=\u00a0\u00bbCOURS DE PR\u00c9PARATION AUX EXAMENS OFFICIELS\u00a0\u00bb tab_id=\u00a0\u00bb1701322929499-07567f6d-63a8&Prime;][vc_column_text]Ax\u00e9 sur l&rsquo;obtention de l&rsquo;un des niveaux des examens officiels DELE (A1, A2, B1, B2, C1 et C2)[\/vc_column_text][\/vc_tta_section][vc_tta_section title=\u00a0\u00bbLE\u00c7ONS PRIV\u00c9ES \/ COURS\u00a0\u00bb tab_id=\u00a0\u00bb1701322928598-2dc188b1-5973&Prime;][vc_column_text]Les apprenants re\u00e7oivent une le\u00e7on individuelle. Cette modalit\u00e9 offre toute l&rsquo;attention de l&rsquo;enseignant, une analyse des besoins particuliers de l&rsquo;apprenant et la cr\u00e9ation d&rsquo;un programme sp\u00e9cifique pour chaque \u00e9l\u00e8ve.[\/vc_column_text][\/vc_tta_section][\/vc_tta_accordion][\/vc_column][\/vc_row][vc_row type=\u00a0\u00bbvc_default\u00a0\u00bb content_placement=\u00a0\u00bbmiddle\u00a0\u00bb][vc_column][vc_empty_space][\/vc_column][\/vc_row][vc_row][vc_column width=\u00a0\u00bb1\/3&Prime;][vc_hoverbox image=\u00a0\u00bb960&Prime; primary_title=\u00a0\u00bbFAMILLE D&rsquo;ACCUEIL\u00a0\u00bb hover_title=\u00a0\u00bb\u00a0\u00bb shape=\u00a0\u00bbsquare\u00a0\u00bb hover_background_color=\u00a0\u00bbcustom\u00a0\u00bb hover_custom_background=\u00a0\u00bb#2e6001&Prime;]<\/p>\n<p style=\"text-align: center;\"><span style=\"color: #ffffff;\">Si quieres compartir un apartamento con personas que residen permanentemente en Zaragoza, las familias se eligen cuidadosamente para alojar a estudiantes internacionales.<\/span><\/p>\n<p>[\/vc_hoverbox][\/vc_column][vc_column width=\u00a0\u00bb1\/3&Prime;][vc_hoverbox image=\u00a0\u00bb960&Prime; primary_title=\u00a0\u00bbAPPARTEMENT \u00c9TUDIANT PARTAG\u00c9\u00a0\u00bb hover_title=\u00a0\u00bb\u00a0\u00bb shape=\u00a0\u00bbsquare\u00a0\u00bb hover_background_color=\u00a0\u00bbcustom\u00a0\u00bb hover_custom_background=\u00a0\u00bb#2e6001&Prime;]<\/p>\n<p style=\"text-align: center;\"><span style=\"color: #ffffff;\">Situ\u00e9e en centre-ville et donc \u00e0 proximit\u00e9 de notre \u00e9cole, chaque \u00e9tudiant se voit proposer une chambre individuelle dans une colocation.&lt;\/ dur\u00e9e&gt;<\/span><\/p>\n<p>[\/vc_hoverbox][\/vc_column][vc_column width=\u00a0\u00bb1\/3&Prime;][vc_hoverbox image=\u00a0\u00bb960&Prime; primary_title=\u00a0\u00bbAPPARTEMENT PRIV\u00c9 ET H\u00d4TEL\u00a0\u00bb hover_title=\u00a0\u00bb\u00a0\u00bb shape=\u00a0\u00bbsquare\u00a0\u00bb hover_background_color=\u00a0\u00bbcustom\u00a0\u00bb hover_custom_background=\u00a0\u00bb#2e6001&Prime;]<\/p>\n<p style=\"text-align: center;\"><span style=\"color: #ffffff;\">Pour les \u00e9tudiants en qu\u00eate d&rsquo;intimit\u00e9 totale, l&rsquo;id\u00e9e de louer un appartement complet pour eux-m\u00eames est l&rsquo;option la plus recommand\u00e9e.&lt; \/envergure&gt;<\/span><\/p>\n<p>[\/vc_hoverbox][\/vc_column][\/vc_row][vc_row type=\u00a0\u00bbvc_default\u00a0\u00bb content_placement=\u00a0\u00bbmiddle\u00a0\u00bb][vc_column][vc_empty_space height=\u00a0\u00bb50px\u00a0\u00bb][\/vc_column][\/vc_row][vc_row type=\u00a0\u00bbvc_default\u00a0\u00bb content_placement=\u00a0\u00bbmiddle\u00a0\u00bb][vc_column width=\u00a0\u00bb1\/2&Prime;][vc_gmaps link=\u00a0\u00bb#E-8_JTNDaWZyYW1lJTIwc3JjJTNEJTIyaHR0cHMlM0ElMkYlMkZ3d3cuZ29vZ2xlLmNvbSUyRm1hcHMlMkZlbWJlZCUzRnBiJTNEJTIxMW0xNCUyMTFtOCUyMTFtMyUyMTFkMjM4NDUuMzU2ODQ4MzU5NTc0JTIxMmQtMC44NzIxOTQlMjEzZDQxLjY2Mjg4MDAwMDAwMDAxJTIxM20yJTIxMWkxMDI0JTIxMmk3NjglMjE0ZjEzLjElMjEzbTMlMjExbTIlMjExczB4ZDU5MTQ4OTU0M2FkMTU5JTI1M0EweDc4YmMzNzQwNTYyMjFkYmYlMjEyc05vJTI1QzMlMjVCQnMlMjUyMEZvcm1hY2lvbmVzJTIxNWUwJTIxM20yJTIxMXNlcyUyMTJzdXMlMjE0djE2OTYyMDU3MjQ4MzglMjE1bTIlMjExc2VzJTIxMnN1cyUyMiUyMHdpZHRoJTNEJTIyNjAwJTIyJTIwaGVpZ2h0JTNEJTIyNDUwJTIyJTIwc3R5bGUlM0QlMjJib3JkZXIlM0EwJTNCJTIyJTIwYWxsb3dmdWxsc2NyZWVuJTNEJTIyJTIyJTIwbG9hZGluZyUzRCUyMmxhenklMjIlMjByZWZlcnJlcnBvbGljeSUzRCUyMm5vLXJlZmVycmVyLXdoZW4tZG93bmdyYWRlJTIyJTNFJTNDJTJGaWZyYW1lJTNF\u00a0\u00bb][\/vc_column][vc_column width=\u00a0\u00bb1\/2&Prime;][vc_single_image image=\u00a0\u00bb970&Prime; img_size=\u00a0\u00bbfull\u00a0\u00bb alignment=\u00a0\u00bbcenter\u00a0\u00bb][\/vc_column][\/vc_row]<\/p>\n<\/section>","protected":false},"excerpt":{"rendered":"<p>[vc_row type=\u00a0\u00bbvc_default\u00a0\u00bb full_width=\u00a0\u00bbstretch_row_content_no_spaces\u00a0\u00bb css=\u00a0\u00bb.vc_custom_1594492439839{margin-top: -50px !important;}\u00a0\u00bb][vc_column][vc_single_image image=\u00a0\u00bb830&Prime; img_size=\u00a0\u00bbfull\u00a0\u00bb alignment=\u00a0\u00bbcenter\u00a0\u00bb][\/vc_column][\/vc_row][vc_row type=\u00a0\u00bbvc_default\u00a0\u00bb full_width=\u00a0\u00bbstretch_row\u00a0\u00bb css=\u00a0\u00bb.vc_custom_1696807583861{margin-top: -40px !important;background-color: #e88514 !important;}\u00a0\u00bb][vc_column][vc_column_text] COURS D\u2019 ESPAGNOL [\/vc_column_text][vc_separator color=\u00a0\u00bbwhite\u00a0\u00bb style=\u00a0\u00bbshadow\u00a0\u00bb border_width=\u00a0\u00bb3&Prime; el_width=\u00a0\u00bb20&Prime; css=\u00a0\u00bb.vc_custom_1696807626232{margin-top: -12px !important;}\u00a0\u00bb][\/vc_column][\/vc_row][vc_row type=\u00a0\u00bbvc_default\u00a0\u00bb content_placement=\u00a0\u00bbmiddle\u00a0\u00bb][vc_column][vc_empty_space][\/vc_column][\/vc_row][vc_row type=\u00a0\u00bbvc_default\u00a0\u00bb content_placement=\u00a0\u00bbmiddle\u00a0\u00bb][vc_column width=\u00a0\u00bb1\/2&Prime;][vc_single_image image=\u00a0\u00bb796&Prime; img_size=\u00a0\u00bbfull\u00a0\u00bb alignment=\u00a0\u00bbcenter\u00a0\u00bb][\/vc_column][vc_column width=\u00a0\u00bb1\/2&Prime;][vc_column_text] No\u00fbs Formaciones formaciones Depuis l&rsquo;Academia\u00a0No\u00fbs Formaciones, nous proposons des cours d&rsquo;espagnol comme langue \u00e9trang\u00e8re, aussi bien aux \u00e9tudiants qui&hellip;<\/p>\n","protected":false},"author":1,"featured_media":0,"parent":0,"menu_order":0,"comment_status":"closed","ping_status":"closed","template":"","meta":{"_joinchat":[]},"_links":{"self":[{"href":"https:\/\/nousformaciones.com\/fr\/wp-json\/wp\/v2\/pages\/979"}],"collection":[{"href":"https:\/\/nousformaciones.com\/fr\/wp-json\/wp\/v2\/pages"}],"about":[{"href":"https:\/\/nousformaciones.com\/fr\/wp-json\/wp\/v2\/types\/page"}],"author":[{"embeddable":true,"href":"https:\/\/nousformaciones.com\/fr\/wp-json\/wp\/v2\/users\/1"}],"replies":[{"embeddable":true,"href":"https:\/\/nousformaciones.com\/fr\/wp-json\/wp\/v2\/comments?post=979"}],"version-history":[{"count":5,"href":"https:\/\/nousformaciones.com\/fr\/wp-json\/wp\/v2\/pages\/979\/revisions"}],"predecessor-version":[{"id":993,"href":"https:\/\/nousformaciones.com\/fr\/wp-json\/wp\/v2\/pages\/979\/revisions\/993"}],"wp:attachment":[{"href":"https:\/\/nousformaciones.com\/fr\/wp-json\/wp\/v2\/media?parent=979"}],"curies":[{"name":"wp","href":"https:\/\/api.w.org\/{rel}","templated":true}]}}