{"id":978,"date":"2019-05-19T14:21:48","date_gmt":"2019-05-19T14:21:48","guid":{"rendered":"https:\/\/nousformaciones.com\/nous-formaciones\/"},"modified":"2023-11-30T06:32:33","modified_gmt":"2023-11-30T06:32:33","slug":"nous-formaciones","status":"publish","type":"page","link":"https:\/\/nousformaciones.com\/fr\/","title":{"rendered":"NOUS FORMACIONES"},"content":{"rendered":"<section class=\"wpb-content-wrapper\"><p>[vc_row type=\u00a0\u00bbvc_default\u00a0\u00bb full_width=\u00a0\u00bbstretch_row_content_no_spaces\u00a0\u00bb css=\u00a0\u00bb.vc_custom_1594492439839{margin-top: -50px !important;}\u00a0\u00bb][vc_column][vc_single_image image=\u00a0\u00bb533&Prime; img_size=\u00a0\u00bbfull\u00a0\u00bb alignment=\u00a0\u00bbcenter\u00a0\u00bb][\/vc_column][\/vc_row][vc_row type=\u00a0\u00bbvc_default\u00a0\u00bb full_width=\u00a0\u00bbstretch_row\u00a0\u00bb css=\u00a0\u00bb.vc_custom_1696807583861{margin-top: -40px !important;background-color: #e88514 !important;}\u00a0\u00bb][vc_column][vc_column_text]<\/p>\n<h2 style=\"text-align: center;\"><span style=\"color: #ffffff;\"><strong>BIENVENUS \u00c0 NO\u00dbS FORMACIONES<\/strong><\/span><\/h2>\n<p>[\/vc_column_text][vc_separator color=\u00a0\u00bbwhite\u00a0\u00bb style=\u00a0\u00bbshadow\u00a0\u00bb border_width=\u00a0\u00bb3&Prime; el_width=\u00a0\u00bb20&Prime; css=\u00a0\u00bb.vc_custom_1696807626232{margin-top: -12px !important;}\u00a0\u00bb][\/vc_column][\/vc_row][vc_row][vc_column][vc_empty_space][\/vc_column][\/vc_row][vc_row][vc_column width=\u00a0\u00bb1\/2&Prime;][vc_column_text]Notre \u00e9cole de langues se trouve dans une zone excellente de la ville, dans la rue Sierra de G\u00fadar, \u00e0 5 minutes \u00e0 pied de la Place du Pilar en pleine vielle ville, commerciale et administrative de la ville. Depuis notre \u00e9cole tu pourras arriver \u00e0 pied \u00e0 beaucoup de lieux d\u2019int\u00e9r\u00eat.<br \/>\nElle t\u2019offre toute la commodit\u00e9 pour que tu puisses apprendre l\u2019Espagnol dans une atmosph\u00e8re rel\u00e2ch\u00e9e et internationale. Ici tu \u00e9tudieras avec des professeurs natifs et hautement qualifi\u00e9s, avec beaucoup d\u2019exp\u00e9rience dans le domaine de l\u2019enseignement de l\u2019Espagnol pour \u00c9trangers. En utilisant un syst\u00e8me bas\u00e9 sur la communication et le dialogue.<br \/>\nDans notre acad\u00e9mie nous disposons de 5 salles, zone commune, salle d\u2019ordinateur avec acc\u00e8s gratuit \u00e0 Internet et d\u2019une sortie \u00e0 une rue pi\u00e9tonne.[\/vc_column_text][\/vc_column][vc_column width=\u00a0\u00bb1\/2&Prime;][vc_single_image image=\u00a0\u00bb898&Prime; img_size=\u00a0\u00bbfull\u00a0\u00bb alignment=\u00a0\u00bbcenter\u00a0\u00bb css=\u00a0\u00bb.vc_custom_1701184209000{margin-bottom: 10px !important;}\u00a0\u00bb][\/vc_column][\/vc_row][vc_row][vc_column][vc_empty_space][vc_separator color=\u00a0\u00bbcustom\u00a0\u00bb border_width=\u00a0\u00bb3&Prime; accent_color=\u00a0\u00bb#2f5e03&Prime;][vc_empty_space][\/vc_column][\/vc_row][vc_row][vc_column width=\u00a0\u00bb1\/6&Prime;][vc_single_image image=\u00a0\u00bb705&Prime; img_size=\u00a0\u00bbfull\u00a0\u00bb alignment=\u00a0\u00bbcenter\u00a0\u00bb css=\u00a0\u00bb.vc_custom_1697306525592{margin-bottom: 10px !important;}\u00a0\u00bb][\/vc_column][vc_column width=\u00a0\u00bb1\/6&Prime;][vc_single_image image=\u00a0\u00bb696&Prime; img_size=\u00a0\u00bbfull\u00a0\u00bb alignment=\u00a0\u00bbcenter\u00a0\u00bb css=\u00a0\u00bb.vc_custom_1697306535776{margin-bottom: 10px !important;}\u00a0\u00bb][\/vc_column][vc_column width=\u00a0\u00bb1\/6&Prime;][vc_single_image image=\u00a0\u00bb697&Prime; img_size=\u00a0\u00bbfull\u00a0\u00bb alignment=\u00a0\u00bbcenter\u00a0\u00bb css=\u00a0\u00bb.vc_custom_1697306547906{margin-bottom: 10px !important;}\u00a0\u00bb][\/vc_column][vc_column width=\u00a0\u00bb1\/6&Prime;][vc_single_image image=\u00a0\u00bb698&Prime; img_size=\u00a0\u00bbfull\u00a0\u00bb alignment=\u00a0\u00bbcenter\u00a0\u00bb css=\u00a0\u00bb.vc_custom_1697306558104{margin-bottom: 10px !important;}\u00a0\u00bb][\/vc_column][vc_column width=\u00a0\u00bb1\/6&Prime;][vc_single_image image=\u00a0\u00bb699&Prime; img_size=\u00a0\u00bbfull\u00a0\u00bb alignment=\u00a0\u00bbcenter\u00a0\u00bb css=\u00a0\u00bb.vc_custom_1697306565940{margin-bottom: 10px !important;}\u00a0\u00bb][\/vc_column][vc_column width=\u00a0\u00bb1\/6&Prime;][vc_single_image image=\u00a0\u00bb700&Prime; img_size=\u00a0\u00bbfull\u00a0\u00bb alignment=\u00a0\u00bbcenter\u00a0\u00bb css=\u00a0\u00bb.vc_custom_1697306605139{margin-bottom: 10px !important;}\u00a0\u00bb][\/vc_column][\/vc_row][vc_row][vc_column][vc_empty_space][vc_separator color=\u00a0\u00bbcustom\u00a0\u00bb border_width=\u00a0\u00bb3&Prime; accent_color=\u00a0\u00bb#2f5e03&Prime;][vc_empty_space][\/vc_column][\/vc_row][vc_row][vc_column][vc_column_text css=\u00a0\u00bb.vc_custom_1701325803748{margin-bottom: 10px !important;}\u00a0\u00bb]<\/p>\n<h3 style=\"text-align: center;\"><span style=\"color: #2f5e03;\"><strong><span style=\"color: #e88514;\">6 BONNES RAISONS POUR \u00c9TUDIER L\u2019ESPAGNOL AVEC NOUS<\/span><br \/>\n<\/strong><\/span><\/h3>\n<p>[\/vc_column_text][vc_empty_space][\/vc_column][\/vc_row][vc_row][vc_column width=\u00a0\u00bb1\/3&Prime;][vc_column_text css=\u00a0\u00bb.vc_custom_1701325828404{margin-bottom: 10px !important;}\u00a0\u00bb]<\/p>\n<h3 style=\"text-align: center;\"><span style=\"color: #2f5e03;\"><strong>EXP\u00c9RIENCE<\/strong><\/span><\/h3>\n<p>[\/vc_column_text][vc_single_image image=\u00a0\u00bb535&Prime; img_size=\u00a0\u00bbfull\u00a0\u00bb alignment=\u00a0\u00bbcenter\u00a0\u00bb css=\u00a0\u00bb.vc_custom_1696808528427{margin-bottom: 10px !important;}\u00a0\u00bb][vc_column_text]<\/p>\n<p style=\"text-align: justify;\">Nous disposons d\u2019une ample exp\u00e9rience dans l\u2019enseignement et l\u2019organisation de cours d\u2019Espagnol pour \u00e9trangers. Des \u00e9l\u00e8ves de la France, de l\u2019Angleterre, de la Russie, du Maroc, de l\u2019Allemagne \u2026 ont appris et am\u00e9lior\u00e9 son espagnol \u00e0 travers de la pratique et la communication continuelle.<\/p>\n<p>[\/vc_column_text][\/vc_column][vc_column width=\u00a0\u00bb1\/3&Prime;][vc_column_text css=\u00a0\u00bb.vc_custom_1701325837171{margin-bottom: 10px !important;}\u00a0\u00bb]<\/p>\n<h3 style=\"text-align: center;\"><span style=\"color: #2f5e03;\"><strong>NOTRE M\u00c9THODOLOGIE<\/strong><\/span><\/h3>\n<p>[\/vc_column_text][vc_single_image image=\u00a0\u00bb537&Prime; img_size=\u00a0\u00bbfull\u00a0\u00bb alignment=\u00a0\u00bbcenter\u00a0\u00bb css=\u00a0\u00bb.vc_custom_1696808701901{margin-bottom: 10px !important;}\u00a0\u00bb][vc_column_text]<\/p>\n<p style=\"text-align: justify;\">La m\u00e9thodologie dans l\u2019enseignement de l\u2019Espagnol comme langue \u00e9trang\u00e8re est une combinaison entre une partie th\u00e9orique, o\u00f9 se combinent la partie grammaticale et l\u2019augmentation de vocabulaire, et une partie pratique avec de nombreuses activit\u00e9s pour pouvoir exprimer l\u2019appris. Dans cette deuxi\u00e8me partie on renforce les conversations, les r\u00e9dactions et les d\u00e9bats, qui nous aident \u00e0 int\u00e9rioriser le d\u00e9j\u00e0 connu.<\/p>\n<p>[\/vc_column_text][\/vc_column][vc_column width=\u00a0\u00bb1\/3&Prime;][vc_column_text css=\u00a0\u00bb.vc_custom_1701325849181{margin-bottom: 10px !important;}\u00a0\u00bb]<\/p>\n<h3 style=\"text-align: center;\"><span style=\"color: #2f5e03;\"><strong>SCOURS ESPECIALIS\u00c9S<\/strong><\/span><\/h3>\n<p>[\/vc_column_text][vc_single_image image=\u00a0\u00bb538&Prime; img_size=\u00a0\u00bbfull\u00a0\u00bb alignment=\u00a0\u00bbcenter\u00a0\u00bb css=\u00a0\u00bb.vc_custom_1696808754698{margin-bottom: 10px !important;}\u00a0\u00bb][vc_column_text]<\/p>\n<p style=\"text-align: justify;\">No\u00fbs Formaciones dispose de divers types de stages de formation, avec diff\u00e9rents niveaux et des horaires flexibles \u00e0 tes n\u00e9cessit\u00e9s. Nous offrons aussi une vari\u00e9t\u00e9 dans le type de logement, des familles d\u2019accueil aux appartements.<\/p>\n<p>[\/vc_column_text][\/vc_column][\/vc_row][vc_row][vc_column][vc_empty_space][\/vc_column][\/vc_row][vc_row][vc_column width=\u00a0\u00bb1\/3&Prime;][vc_column_text css=\u00a0\u00bb.vc_custom_1701325861039{margin-bottom: 10px !important;}\u00a0\u00bb]<\/p>\n<h3 style=\"text-align: center;\"><span style=\"color: #2f5e03;\"><strong>PROFESSEURS HAUTEMENT QUALIFI\u00c9S<\/strong><\/span><\/h3>\n<p>[\/vc_column_text][vc_single_image image=\u00a0\u00bb539&Prime; img_size=\u00a0\u00bbfull\u00a0\u00bb alignment=\u00a0\u00bbcenter\u00a0\u00bb css=\u00a0\u00bb.vc_custom_1696808800235{margin-bottom: 10px !important;}\u00a0\u00bb][vc_column_text]<\/p>\n<p style=\"text-align: justify;\">Tous nos professeurs sont natifs et licenci\u00e9s, avec la certification du Minist\u00e8re de l\u2019Education pour enseigner la Langue Espagnole. De plus, ils disposent d\u2019une formation p\u00e9dagogique et d\u2019une ample exp\u00e9rience \u00e9ducative.<\/p>\n<p>[\/vc_column_text][\/vc_column][vc_column width=\u00a0\u00bb1\/3&Prime;][vc_column_text css=\u00a0\u00bb.vc_custom_1701325880959{margin-bottom: 10px !important;}\u00a0\u00bb]<\/p>\n<h3 style=\"text-align: center;\"><span style=\"color: #2f5e03;\"><strong>IMMERSION TOTALE DANS L\u2019ESPAGNOL<\/strong><\/span><\/h3>\n<p>[\/vc_column_text][vc_single_image image=\u00a0\u00bb540&Prime; img_size=\u00a0\u00bbfull\u00a0\u00bb alignment=\u00a0\u00bbcenter\u00a0\u00bb css=\u00a0\u00bb.vc_custom_1696808835755{margin-bottom: 10px !important;}\u00a0\u00bb][vc_column_text]<\/p>\n<p style=\"text-align: justify;\">Notre objectif n\u2019est pas seulement que tu apprenne l\u2019Espagnol mais aussi une immersion totale dans la culture locale en combinant des classes actives avec des activit\u00e9s culturelles et ludiques.<\/p>\n<p>[\/vc_column_text][\/vc_column][vc_column width=\u00a0\u00bb1\/3&Prime;][vc_column_text css=\u00a0\u00bb.vc_custom_1701325892137{margin-bottom: 10px !important;}\u00a0\u00bb]<\/p>\n<h3 style=\"text-align: center;\"><span style=\"color: #2f5e03;\"><strong>SURVEILLANCE ET CONTROL DE NOS \u00c9L\u00c8VES<\/strong><\/span><\/h3>\n<p>[\/vc_column_text][vc_single_image image=\u00a0\u00bb541&Prime; img_size=\u00a0\u00bbfull\u00a0\u00bb alignment=\u00a0\u00bbcenter\u00a0\u00bb css=\u00a0\u00bb.vc_custom_1696808891347{margin-bottom: 10px !important;}\u00a0\u00bb][vc_column_text]<\/p>\n<p style=\"text-align: justify;\">Nous r\u00e9alisons un parcour personnalis\u00e9 de l\u2019apprentissage acad\u00e9mique comme du s\u00e9jour et des activit\u00e9s programm\u00e9es, en assurant un profit maximal dans l\u2019enseignement de l\u2019Espagnol et le confort de l\u2019\u00e9l\u00e8ve.<\/p>\n<p>[\/vc_column_text][\/vc_column][\/vc_row][vc_row][vc_column][vc_empty_space][\/vc_column][\/vc_row][vc_row type=\u00a0\u00bbvc_default\u00a0\u00bb full_width=\u00a0\u00bbstretch_row\u00a0\u00bb css=\u00a0\u00bb.vc_custom_1696810398767{background-color: #44610f !important;}\u00a0\u00bb][vc_column][vc_empty_space][vc_single_image image=\u00a0\u00bb548&Prime; img_size=\u00a0\u00bbfull\u00a0\u00bb alignment=\u00a0\u00bbcenter\u00a0\u00bb css=\u00a0\u00bb.vc_custom_1696809358386{margin-bottom: 10px !important;}\u00a0\u00bb][vc_empty_space][\/vc_column][\/vc_row][vc_row][vc_column][vc_empty_space][\/vc_column][\/vc_row][vc_row][vc_column][vc_empty_space][\/vc_column][\/vc_row][vc_row][vc_column][vc_empty_space][\/vc_column][\/vc_row][vc_row type=\u00a0\u00bbvc_default\u00a0\u00bb content_placement=\u00a0\u00bbmiddle\u00a0\u00bb][vc_column width=\u00a0\u00bb1\/2&Prime;][vc_gmaps link=\u00a0\u00bb#E-8_JTNDaWZyYW1lJTIwc3JjJTNEJTIyaHR0cHMlM0ElMkYlMkZ3d3cuZ29vZ2xlLmNvbSUyRm1hcHMlMkZlbWJlZCUzRnBiJTNEJTIxMW0xNCUyMTFtOCUyMTFtMyUyMTFkMjM4NDUuMzU2ODQ4MzU5NTc0JTIxMmQtMC44NzIxOTQlMjEzZDQxLjY2Mjg4MDAwMDAwMDAxJTIxM20yJTIxMWkxMDI0JTIxMmk3NjglMjE0ZjEzLjElMjEzbTMlMjExbTIlMjExczB4ZDU5MTQ4OTU0M2FkMTU5JTI1M0EweDc4YmMzNzQwNTYyMjFkYmYlMjEyc05vJTI1QzMlMjVCQnMlMjUyMEZvcm1hY2lvbmVzJTIxNWUwJTIxM20yJTIxMXNlcyUyMTJzdXMlMjE0djE2OTYyMDU3MjQ4MzglMjE1bTIlMjExc2VzJTIxMnN1cyUyMiUyMHdpZHRoJTNEJTIyNjAwJTIyJTIwaGVpZ2h0JTNEJTIyMzUwJTIyJTIwc3R5bGUlM0QlMjJib3JkZXIlM0EwJTNCJTIyJTIwYWxsb3dmdWxsc2NyZWVuJTNEJTIyJTIyJTIwbG9hZGluZyUzRCUyMmxhenklMjIlMjByZWZlcnJlcnBvbGljeSUzRCUyMm5vLXJlZmVycmVyLXdoZW4tZG93bmdyYWRlJTIyJTNFJTNDJTJGaWZyYW1lJTNF\u00a0\u00bb][\/vc_column][vc_column width=\u00a0\u00bb1\/2&Prime;][vc_column_text]<\/p>\n<div class=\"fusion-title title fusion-title-2 sep-underline sep-dashed fusion-title-text fusion-title-size-two\">\n<h2 class=\"fusion-responsive-typography-calculated\" data-fontsize=\"18\" data-lineheight=\"27px\">NO\u00dbS Formaciones<\/h2>\n<\/div>\n<p class=\"fusion-responsive-typography-calculated\" data-fontsize=\"16\" data-lineheight=\"24px\">Le plus important de ton \u00e9tape dans un pays diff\u00e9rent au votre, c\u2019est le fait d\u2019\u00eatre en contact avec des parlants natifs, et d\u2019\u00eatre exposer aux situations quotidiennes dans lesquelles tu devras apprendre \u00e0 te d\u00e9velopper. Gr\u00e2ce \u00e0 cela, ta compr\u00e9hension auditive am\u00e9liorera et tu mettras en pratique cette nouvelle langue \u00e9trang\u00e8re.<\/p>\n<p>[\/vc_column_text][\/vc_column][\/vc_row][vc_row][vc_column][vc_empty_space][\/vc_column][\/vc_row]<\/p>\n<\/section>","protected":false},"excerpt":{"rendered":"<p>[vc_row type=\u00a0\u00bbvc_default\u00a0\u00bb full_width=\u00a0\u00bbstretch_row_content_no_spaces\u00a0\u00bb css=\u00a0\u00bb.vc_custom_1594492439839{margin-top: -50px !important;}\u00a0\u00bb][vc_column][vc_single_image image=\u00a0\u00bb533&Prime; img_size=\u00a0\u00bbfull\u00a0\u00bb alignment=\u00a0\u00bbcenter\u00a0\u00bb][\/vc_column][\/vc_row][vc_row type=\u00a0\u00bbvc_default\u00a0\u00bb full_width=\u00a0\u00bbstretch_row\u00a0\u00bb css=\u00a0\u00bb.vc_custom_1696807583861{margin-top: -40px !important;background-color: #e88514 !important;}\u00a0\u00bb][vc_column][vc_column_text] BIENVENUS \u00c0 NO\u00dbS FORMACIONES [\/vc_column_text][vc_separator color=\u00a0\u00bbwhite\u00a0\u00bb style=\u00a0\u00bbshadow\u00a0\u00bb border_width=\u00a0\u00bb3&Prime; el_width=\u00a0\u00bb20&Prime; css=\u00a0\u00bb.vc_custom_1696807626232{margin-top: -12px !important;}\u00a0\u00bb][\/vc_column][\/vc_row][vc_row][vc_column][vc_empty_space][\/vc_column][\/vc_row][vc_row][vc_column width=\u00a0\u00bb1\/2&Prime;][vc_column_text]Notre \u00e9cole de langues se trouve dans une zone excellente de la ville, dans la rue Sierra de G\u00fadar, \u00e0 5 minutes \u00e0 pied de la Place&hellip;<\/p>\n","protected":false},"author":1,"featured_media":0,"parent":0,"menu_order":0,"comment_status":"closed","ping_status":"closed","template":"","meta":{"_joinchat":[]},"_links":{"self":[{"href":"https:\/\/nousformaciones.com\/fr\/wp-json\/wp\/v2\/pages\/978"}],"collection":[{"href":"https:\/\/nousformaciones.com\/fr\/wp-json\/wp\/v2\/pages"}],"about":[{"href":"https:\/\/nousformaciones.com\/fr\/wp-json\/wp\/v2\/types\/page"}],"author":[{"embeddable":true,"href":"https:\/\/nousformaciones.com\/fr\/wp-json\/wp\/v2\/users\/1"}],"replies":[{"embeddable":true,"href":"https:\/\/nousformaciones.com\/fr\/wp-json\/wp\/v2\/comments?post=978"}],"version-history":[{"count":2,"href":"https:\/\/nousformaciones.com\/fr\/wp-json\/wp\/v2\/pages\/978\/revisions"}],"predecessor-version":[{"id":982,"href":"https:\/\/nousformaciones.com\/fr\/wp-json\/wp\/v2\/pages\/978\/revisions\/982"}],"wp:attachment":[{"href":"https:\/\/nousformaciones.com\/fr\/wp-json\/wp\/v2\/media?parent=978"}],"curies":[{"name":"wp","href":"https:\/\/api.w.org\/{rel}","templated":true}]}}