{"id":974,"date":"2019-05-19T16:28:00","date_gmt":"2019-05-19T16:28:00","guid":{"rendered":"https:\/\/nousformaciones.com\/contacto\/"},"modified":"2023-11-30T06:27:32","modified_gmt":"2023-11-30T06:27:32","slug":"contacto","status":"publish","type":"page","link":"https:\/\/nousformaciones.com\/fr\/contacto\/","title":{"rendered":"CONTACTO"},"content":{"rendered":"<section class=\"wpb-content-wrapper\"><p>[vc_row type=\u00a0\u00bbvc_default\u00a0\u00bb full_width=\u00a0\u00bbstretch_row_content_no_spaces\u00a0\u00bb css=\u00a0\u00bb.vc_custom_1594492439839{margin-top: -50px !important;}\u00a0\u00bb][vc_column][vc_column_text]<img decoding=\"async\" loading=\"lazy\" class=\"aligncenter wp-image-526 size-full\" src=\"https:\/\/nousformaciones.com\/wp-content\/uploads\/contacto-nous.jpg\" alt=\"\" width=\"1920\" height=\"650\" srcset=\"https:\/\/nousformaciones.com\/wp-content\/uploads\/contacto-nous.jpg 1920w, https:\/\/nousformaciones.com\/wp-content\/uploads\/contacto-nous-300x102.jpg 300w, https:\/\/nousformaciones.com\/wp-content\/uploads\/contacto-nous-1024x347.jpg 1024w, https:\/\/nousformaciones.com\/wp-content\/uploads\/contacto-nous-768x260.jpg 768w, https:\/\/nousformaciones.com\/wp-content\/uploads\/contacto-nous-1536x520.jpg 1536w\" sizes=\"(max-width: 1920px) 100vw, 1920px\" \/>[\/vc_column_text][\/vc_column][\/vc_row][vc_row type=\u00a0\u00bbvc_default\u00a0\u00bb full_width=\u00a0\u00bbstretch_row\u00a0\u00bb css=\u00a0\u00bb.vc_custom_1696806887249{margin-top: -40px !important;background-color: #e88514 !important;}\u00a0\u00bb][vc_column][vc_column_text]<\/p>\n<h2 style=\"text-align: center;\"><span style=\"color: #ffffff;\"><strong>CONTACT<\/strong><\/span><\/h2>\n<p>[\/vc_column_text][vc_separator color=\u00a0\u00bbwhite\u00a0\u00bb style=\u00a0\u00bbshadow\u00a0\u00bb border_width=\u00a0\u00bb3&Prime; el_width=\u00a0\u00bb20&Prime; css=\u00a0\u00bb.vc_custom_1696806986023{margin-top: -12px !important;}\u00a0\u00bb][\/vc_column][\/vc_row][vc_row][vc_column][vc_empty_space height=\u00a0\u00bb36px\u00a0\u00bb][\/vc_column][\/vc_row][vc_row][vc_column width=\u00a0\u00bb1\/3&Prime;][vc_gmaps link=\u00a0\u00bb#E-8_JTNDaWZyYW1lJTIwc3JjJTNEJTIyaHR0cHMlM0ElMkYlMkZ3d3cuZ29vZ2xlLmNvbSUyRm1hcHMlMkZlbWJlZCUzRnBiJTNEJTIxMW0xNCUyMTFtOCUyMTFtMyUyMTFkMjM4NDUuMzU2ODQ4MzU5NTc0JTIxMmQtMC44NzIxOTQlMjEzZDQxLjY2Mjg4MDAwMDAwMDAxJTIxM20yJTIxMWkxMDI0JTIxMmk3NjglMjE0ZjEzLjElMjEzbTMlMjExbTIlMjExczB4ZDU5MTQ4OTU0M2FkMTU5JTI1M0EweDc4YmMzNzQwNTYyMjFkYmYlMjEyc05vJTI1QzMlMjVCQnMlMjUyMEZvcm1hY2lvbmVzJTIxNWUwJTIxM20yJTIxMXNlcyUyMTJzdXMlMjE0djE2OTYyMDU3MjQ4MzglMjE1bTIlMjExc2VzJTIxMnN1cyUyMiUyMHdpZHRoJTNEJTIyNjAwJTIyJTIwaGVpZ2h0JTNEJTIyNDUwJTIyJTIwc3R5bGUlM0QlMjJib3JkZXIlM0EwJTNCJTIyJTIwYWxsb3dmdWxsc2NyZWVuJTNEJTIyJTIyJTIwbG9hZGluZyUzRCUyMmxhenklMjIlMjByZWZlcnJlcnBvbGljeSUzRCUyMm5vLXJlZmVycmVyLXdoZW4tZG93bmdyYWRlJTIyJTNFJTNDJTJGaWZyYW1lJTNF\u00a0\u00bb][\/vc_column][vc_column width=\u00a0\u00bb1\/3&Prime;][vc_single_image image=\u00a0\u00bb522&Prime; img_size=\u00a0\u00bb\u00a0\u00bb alignment=\u00a0\u00bbcenter\u00a0\u00bb][vc_column_text]<\/p>\n<div style=\"text-align: center;\">\n<p><strong>Adresse:<\/strong><br \/>\nC\/ Sierra de G\u00fadar 3, 50015 Zaragoza<\/p>\n<p><i class=\"fa icon-phone\"><\/i> <a href=\"tel:619173920\">619 173 920<\/a><\/p>\n<p><i class=\"fa icon-mail\"><\/i> <a href=\"mailto:info@nousformaciones.com\">info@nousformaciones.com<\/a><\/p>\n<\/div>\n<p>[\/vc_column_text][\/vc_column][vc_column width=\u00a0\u00bb1\/3&Prime;]\n<div class=\"wpcf7 no-js\" id=\"wpcf7-f975-o1\" lang=\"es-ES\" dir=\"ltr\">\n<div class=\"screen-reader-response\"><p role=\"status\" aria-live=\"polite\" aria-atomic=\"true\"><\/p> <ul><\/ul><\/div>\n<form action=\"\/fr\/wp-json\/wp\/v2\/pages\/974#wpcf7-f975-o1\" method=\"post\" class=\"wpcf7-form init\" aria-label=\"Formulario de contacto\" novalidate=\"novalidate\" data-status=\"init\">\n<div style=\"display: none;\">\n<input type=\"hidden\" name=\"_wpcf7\" value=\"975\" \/>\n<input type=\"hidden\" name=\"_wpcf7_version\" value=\"5.7.7\" \/>\n<input type=\"hidden\" name=\"_wpcf7_locale\" value=\"es_ES\" \/>\n<input type=\"hidden\" name=\"_wpcf7_unit_tag\" value=\"wpcf7-f975-o1\" \/>\n<input type=\"hidden\" name=\"_wpcf7_container_post\" value=\"0\" \/>\n<input type=\"hidden\" name=\"_wpcf7_posted_data_hash\" value=\"\" \/>\n<input type=\"hidden\" name=\"_wpcf7_recaptcha_response\" value=\"\" \/>\n<\/div>\n<p><span class=\"wpcf7-form-control-wrap\" data-name=\"your-name\"><input size=\"40\" class=\"wpcf7-form-control wpcf7-text wpcf7-validates-as-required\" aria-required=\"true\" aria-invalid=\"false\" placeholder=\"Nom et pr\u00e9nom*\" value=\"\" type=\"text\" name=\"your-name\" \/><\/span>\n<\/p>\n<p><span class=\"wpcf7-form-control-wrap\" data-name=\"your-email\"><input size=\"40\" class=\"wpcf7-form-control wpcf7-text wpcf7-email wpcf7-validates-as-required wpcf7-validates-as-email\" aria-required=\"true\" aria-invalid=\"false\" placeholder=\"Email*\" value=\"\" type=\"email\" name=\"your-email\" \/><\/span>\n<\/p>\n<p><span class=\"wpcf7-form-control-wrap\" data-name=\"text-869\"><input size=\"40\" class=\"wpcf7-form-control wpcf7-text\" aria-invalid=\"false\" placeholder=\"T\u00e9l\u00e9phone (facultatif)\" value=\"\" type=\"text\" name=\"text-869\" \/><\/span>\n<\/p>\n<p><span class=\"wpcf7-form-control-wrap\" data-name=\"your-message\"><textarea cols=\"40\" rows=\"4\" class=\"wpcf7-form-control wpcf7-textarea wpcf7-validates-as-required\" aria-required=\"true\" aria-invalid=\"false\" placeholder=\"Message*\" name=\"your-message\"><\/textarea><\/span>\n<\/p>\n<p><span class=\"wpcf7-form-control-wrap\" data-name=\"your-consent\"><span class=\"wpcf7-form-control wpcf7-acceptance\"><span class=\"wpcf7-list-item\"><input type=\"checkbox\" name=\"your-consent\" value=\"1\" aria-invalid=\"false\" \/><\/span><\/span><\/span> J'autorise ce site Web \u00e0 stocker les informations que j'envoie afin qu'il puisse r\u00e9pondre \u00e0 ma demande.\n<\/p>\n<p><input class=\"wpcf7-form-control has-spinner wpcf7-submit\" type=\"submit\" value=\"Envoyer\" \/>\n<\/p><div class=\"wpcf7-response-output\" aria-hidden=\"true\"><\/div>\n<\/form>\n<\/div>\n[\/vc_column][\/vc_row]<\/p>\n<\/section>","protected":false},"excerpt":{"rendered":"<p>[vc_row type=\u00a0\u00bbvc_default\u00a0\u00bb full_width=\u00a0\u00bbstretch_row_content_no_spaces\u00a0\u00bb css=\u00a0\u00bb.vc_custom_1594492439839{margin-top: -50px !important;}\u00a0\u00bb][vc_column][vc_column_text][\/vc_column_text][\/vc_column][\/vc_row][vc_row type=\u00a0\u00bbvc_default\u00a0\u00bb full_width=\u00a0\u00bbstretch_row\u00a0\u00bb css=\u00a0\u00bb.vc_custom_1696806887249{margin-top: -40px !important;background-color: #e88514 !important;}\u00a0\u00bb][vc_column][vc_column_text] CONTACT [\/vc_column_text][vc_separator color=\u00a0\u00bbwhite\u00a0\u00bb style=\u00a0\u00bbshadow\u00a0\u00bb border_width=\u00a0\u00bb3&Prime; el_width=\u00a0\u00bb20&Prime; css=\u00a0\u00bb.vc_custom_1696806986023{margin-top: -12px !important;}\u00a0\u00bb][\/vc_column][\/vc_row][vc_row][vc_column][vc_empty_space height=\u00a0\u00bb36px\u00a0\u00bb][\/vc_column][\/vc_row][vc_row][vc_column width=\u00a0\u00bb1\/3&Prime;][vc_gmaps link=\u00a0\u00bb#E-8_JTNDaWZyYW1lJTIwc3JjJTNEJTIyaHR0cHMlM0ElMkYlMkZ3d3cuZ29vZ2xlLmNvbSUyRm1hcHMlMkZlbWJlZCUzRnBiJTNEJTIxMW0xNCUyMTFtOCUyMTFtMyUyMTFkMjM4NDUuMzU2ODQ4MzU5NTc0JTIxMmQtMC44NzIxOTQlMjEzZDQxLjY2Mjg4MDAwMDAwMDAxJTIxM20yJTIxMWkxMDI0JTIxMmk3NjglMjE0ZjEzLjElMjEzbTMlMjExbTIlMjExczB4ZDU5MTQ4OTU0M2FkMTU5JTI1M0EweDc4YmMzNzQwNTYyMjFkYmYlMjEyc05vJTI1QzMlMjVCQnMlMjUyMEZvcm1hY2lvbmVzJTIxNWUwJTIxM20yJTIxMXNlcyUyMTJzdXMlMjE0djE2OTYyMDU3MjQ4MzglMjE1bTIlMjExc2VzJTIxMnN1cyUyMiUyMHdpZHRoJTNEJTIyNjAwJTIyJTIwaGVpZ2h0JTNEJTIyNDUwJTIyJTIwc3R5bGUlM0QlMjJib3JkZXIlM0EwJTNCJTIyJTIwYWxsb3dmdWxsc2NyZWVuJTNEJTIyJTIyJTIwbG9hZGluZyUzRCUyMmxhenklMjIlMjByZWZlcnJlcnBvbGljeSUzRCUyMm5vLXJlZmVycmVyLXdoZW4tZG93bmdyYWRlJTIyJTNFJTNDJTJGaWZyYW1lJTNF\u00a0\u00bb][\/vc_column][vc_column width=\u00a0\u00bb1\/3&Prime;][vc_single_image image=\u00a0\u00bb522&Prime; img_size=\u00a0\u00bb\u00a0\u00bb alignment=\u00a0\u00bbcenter\u00a0\u00bb][vc_column_text] Adresse: C\/ Sierra de G\u00fadar 3, 50015 Zaragoza 619 173 920 info@nousformaciones.com [\/vc_column_text][\/vc_column][vc_column width=\u00a0\u00bb1\/3&Prime;][\/vc_column][\/vc_row]<\/p>\n","protected":false},"author":1,"featured_media":0,"parent":0,"menu_order":0,"comment_status":"closed","ping_status":"closed","template":"","meta":{"_joinchat":[]},"_links":{"self":[{"href":"https:\/\/nousformaciones.com\/fr\/wp-json\/wp\/v2\/pages\/974"}],"collection":[{"href":"https:\/\/nousformaciones.com\/fr\/wp-json\/wp\/v2\/pages"}],"about":[{"href":"https:\/\/nousformaciones.com\/fr\/wp-json\/wp\/v2\/types\/page"}],"author":[{"embeddable":true,"href":"https:\/\/nousformaciones.com\/fr\/wp-json\/wp\/v2\/users\/1"}],"replies":[{"embeddable":true,"href":"https:\/\/nousformaciones.com\/fr\/wp-json\/wp\/v2\/comments?post=974"}],"version-history":[{"count":2,"href":"https:\/\/nousformaciones.com\/fr\/wp-json\/wp\/v2\/pages\/974\/revisions"}],"predecessor-version":[{"id":977,"href":"https:\/\/nousformaciones.com\/fr\/wp-json\/wp\/v2\/pages\/974\/revisions\/977"}],"wp:attachment":[{"href":"https:\/\/nousformaciones.com\/fr\/wp-json\/wp\/v2\/media?parent=974"}],"curies":[{"name":"wp","href":"https:\/\/api.w.org\/{rel}","templated":true}]}}